{"id":54076,"date":"2026-03-20T16:10:34","date_gmt":"2026-03-20T14:10:34","guid":{"rendered":"https:\/\/pikaajalineautorent.ee\/vehicles\/edullinen-ja-pitkaaikainen-2022-toyota-corolla-hb-taysihuoltovuokraus-tallinnassa\/"},"modified":"2026-03-26T00:15:13","modified_gmt":"2026-03-25T22:15:13","slug":"edullinen-ja-pitkaaikainen-2022-toyota-corolla-hb-taysihuoltovuokraus-tallinnassa","status":"publish","type":"product","link":"https:\/\/pikaajalineautorent.ee\/fi\/edullinen-ja-pitkaaikainen-2022-toyota-corolla-hb-taysihuoltovuokraus-tallinnassa\/","title":{"rendered":"Edullinen ja pitk\u00e4aikainen 2022 Toyota Corolla HB t\u00e4ysihuoltovuokraus Tallinnassa"},"content":{"rendered":"<p>Toyota Corolla Hybrid tarjoaa hiljaista ja tasaista ajamista hybridivetoisesti, mik\u00e4 v\u00e4hent\u00e4\u00e4 polttoaineen kulutusta ja ajomelu. Ihanteellinen valinta kaupunkiajoille, joissa auto liikkuu usein s\u00e4hk\u00f6lla, tarjoten mukavaa ja taloudellista liikennett\u00e4.<\/p>\n","protected":false},"excerpt":{"rendered":"<p>Toyota Corolla Hybrid tarjoaa hiljaista ja tasaista ajamista hybridivetoisesti, mik\u00e4 v\u00e4hent\u00e4\u00e4 polttoaineen kulutusta ja ajomelu. Ihanteellinen valinta kaupunkiajoille, joissa auto liikkuu usein s\u00e4hk\u00f6lla, tarjoten mukavaa ja taloudellista liikennett\u00e4.<\/p>\n","protected":false},"featured_media":54077,"template":"","meta":{"_acf_changed":false},"product_brand":[],"product_cat":[450],"product_tag":[451],"class_list":{"0":"post-54076","1":"product","2":"type-product","3":"status-publish","4":"has-post-thumbnail","6":"product_cat-vehicles","7":"product_tag-low","9":"first","10":"instock","11":"virtual","12":"sold-individually","13":"taxable","14":"purchasable","15":"product-type-simple"},"acf":[],"_links":{"self":[{"href":"https:\/\/pikaajalineautorent.ee\/fi\/wp-json\/wp\/v2\/product\/54076","targetHints":{"allow":["GET"]}}],"collection":[{"href":"https:\/\/pikaajalineautorent.ee\/fi\/wp-json\/wp\/v2\/product"}],"about":[{"href":"https:\/\/pikaajalineautorent.ee\/fi\/wp-json\/wp\/v2\/types\/product"}],"wp:featuredmedia":[{"embeddable":true,"href":"https:\/\/pikaajalineautorent.ee\/fi\/wp-json\/wp\/v2\/media\/54077"}],"wp:attachment":[{"href":"https:\/\/pikaajalineautorent.ee\/fi\/wp-json\/wp\/v2\/media?parent=54076"}],"wp:term":[{"taxonomy":"product_brand","embeddable":true,"href":"https:\/\/pikaajalineautorent.ee\/fi\/wp-json\/wp\/v2\/product_brand?post=54076"},{"taxonomy":"product_cat","embeddable":true,"href":"https:\/\/pikaajalineautorent.ee\/fi\/wp-json\/wp\/v2\/product_cat?post=54076"},{"taxonomy":"product_tag","embeddable":true,"href":"https:\/\/pikaajalineautorent.ee\/fi\/wp-json\/wp\/v2\/product_tag?post=54076"}],"curies":[{"name":"wp","href":"https:\/\/api.w.org\/{rel}","templated":true}]}}