{"id":54080,"date":"2026-03-02T07:10:16","date_gmt":"2026-03-02T05:10:16","guid":{"rendered":"https:\/\/pikaajalineautorent.ee\/vehicles\/edullinen-ja-pitkaaikainen-2021-volkswagen-t-roc-tayspalveluautovuokraus-tallinnassa\/"},"modified":"2026-03-26T00:15:13","modified_gmt":"2026-03-25T22:15:13","slug":"edullinen-ja-pitkaaikainen-2021-volkswagen-t-roc-tayspalveluautovuokraus-tallinnassa","status":"publish","type":"product","link":"https:\/\/pikaajalineautorent.ee\/fi\/edullinen-ja-pitkaaikainen-2021-volkswagen-t-roc-tayspalveluautovuokraus-tallinnassa\/","title":{"rendered":"Edullinen ja pitk\u00e4aikainen 2021 Volkswagen T-Roc t\u00e4yspalveluautovuokraus Tallinnassa"},"content":{"rendered":"<p>Volkswagen T-Roc yhdist\u00e4\u00e4 korkean istuinasennon, joustavan salin ja manuaalisen vaihteiston mukavuuden. Tila-auton k\u00e4yt\u00e4nn\u00f6llisyys sopii sek\u00e4 perheelle ett\u00e4 ty\u00f6h\u00f6n. S\u00e4\u00e4st\u00e4v\u00e4inen ja helppo hallita jokaisessa kaupungissa.<\/p>\n","protected":false},"excerpt":{"rendered":"<p>Volkswagen T-Roc yhdist\u00e4\u00e4 korkean istuinasennon, joustavan salin ja manuaalisen vaihteiston mukavuuden. Tila-auton k\u00e4yt\u00e4nn\u00f6llisyys sopii sek\u00e4 perheelle ett\u00e4 ty\u00f6h\u00f6n. S\u00e4\u00e4st\u00e4v\u00e4inen ja helppo hallita jokaisessa kaupungissa.<\/p>\n","protected":false},"featured_media":54086,"template":"","meta":{"_acf_changed":false},"product_brand":[],"product_cat":[450],"product_tag":[451],"class_list":{"0":"post-54080","1":"product","2":"type-product","3":"status-publish","4":"has-post-thumbnail","6":"product_cat-vehicles","7":"product_tag-low","9":"first","10":"instock","11":"virtual","12":"sold-individually","13":"taxable","14":"purchasable","15":"product-type-simple"},"acf":[],"_links":{"self":[{"href":"https:\/\/pikaajalineautorent.ee\/fi\/wp-json\/wp\/v2\/product\/54080","targetHints":{"allow":["GET"]}}],"collection":[{"href":"https:\/\/pikaajalineautorent.ee\/fi\/wp-json\/wp\/v2\/product"}],"about":[{"href":"https:\/\/pikaajalineautorent.ee\/fi\/wp-json\/wp\/v2\/types\/product"}],"wp:featuredmedia":[{"embeddable":true,"href":"https:\/\/pikaajalineautorent.ee\/fi\/wp-json\/wp\/v2\/media\/54086"}],"wp:attachment":[{"href":"https:\/\/pikaajalineautorent.ee\/fi\/wp-json\/wp\/v2\/media?parent=54080"}],"wp:term":[{"taxonomy":"product_brand","embeddable":true,"href":"https:\/\/pikaajalineautorent.ee\/fi\/wp-json\/wp\/v2\/product_brand?post=54080"},{"taxonomy":"product_cat","embeddable":true,"href":"https:\/\/pikaajalineautorent.ee\/fi\/wp-json\/wp\/v2\/product_cat?post=54080"},{"taxonomy":"product_tag","embeddable":true,"href":"https:\/\/pikaajalineautorent.ee\/fi\/wp-json\/wp\/v2\/product_tag?post=54080"}],"curies":[{"name":"wp","href":"https:\/\/api.w.org\/{rel}","templated":true}]}}