{"id":54087,"date":"2026-02-19T11:33:14","date_gmt":"2026-02-19T09:33:14","guid":{"rendered":"https:\/\/pikaajalineautorent.ee\/vehicles\/edullinen-ja-pitkaaikainen-2023-skoda-karoq-tayspalveluautovuokraus-tallinnassa\/"},"modified":"2026-03-26T00:15:14","modified_gmt":"2026-03-25T22:15:14","slug":"edullinen-ja-pitkaaikainen-2023-skoda-karoq-tayspalveluautovuokraus-tallinnassa","status":"publish","type":"product","link":"https:\/\/pikaajalineautorent.ee\/fi\/edullinen-ja-pitkaaikainen-2023-skoda-karoq-tayspalveluautovuokraus-tallinnassa\/","title":{"rendered":"Edullinen ja pitk\u00e4aikainen 2023 \u0160koda Karoq t\u00e4yspalveluautovuokraus Tallinnassa"},"content":{"rendered":"<p>\u0160koda Karoq tarjoaa mukavaa automaattivaihteistoa, varmaa hallintaa ja k\u00e4yt\u00e4nn\u00f6llist\u00e4 universaalirunkoaa. Se sopii hyvin p\u00e4ivitt\u00e4iseen k\u00e4ytt\u00f6\u00f6n ja viikonloppuretkilille. Hyv\u00e4 varustus ja luotettavuus tekev\u00e4t siit\u00e4 arvokkaan valinnan.<\/p>\n","protected":false},"excerpt":{"rendered":"<p>\u0160koda Karoq tarjoaa mukavaa automaattivaihteistoa, varmaa hallintaa ja k\u00e4yt\u00e4nn\u00f6llist\u00e4 universaalirunkoaa. Se sopii hyvin p\u00e4ivitt\u00e4iseen k\u00e4ytt\u00f6\u00f6n ja viikonloppuretkilille. Hyv\u00e4 varustus ja luotettavuus tekev\u00e4t siit\u00e4 arvokkaan valinnan.<\/p>\n","protected":false},"featured_media":54089,"template":"","meta":{"_acf_changed":false},"product_brand":[],"product_cat":[450],"product_tag":[451],"class_list":{"0":"post-54087","1":"product","2":"type-product","3":"status-publish","4":"has-post-thumbnail","6":"product_cat-vehicles","7":"product_tag-low","9":"first","10":"instock","11":"virtual","12":"sold-individually","13":"taxable","14":"purchasable","15":"product-type-simple"},"acf":[],"_links":{"self":[{"href":"https:\/\/pikaajalineautorent.ee\/fi\/wp-json\/wp\/v2\/product\/54087","targetHints":{"allow":["GET"]}}],"collection":[{"href":"https:\/\/pikaajalineautorent.ee\/fi\/wp-json\/wp\/v2\/product"}],"about":[{"href":"https:\/\/pikaajalineautorent.ee\/fi\/wp-json\/wp\/v2\/types\/product"}],"wp:featuredmedia":[{"embeddable":true,"href":"https:\/\/pikaajalineautorent.ee\/fi\/wp-json\/wp\/v2\/media\/54089"}],"wp:attachment":[{"href":"https:\/\/pikaajalineautorent.ee\/fi\/wp-json\/wp\/v2\/media?parent=54087"}],"wp:term":[{"taxonomy":"product_brand","embeddable":true,"href":"https:\/\/pikaajalineautorent.ee\/fi\/wp-json\/wp\/v2\/product_brand?post=54087"},{"taxonomy":"product_cat","embeddable":true,"href":"https:\/\/pikaajalineautorent.ee\/fi\/wp-json\/wp\/v2\/product_cat?post=54087"},{"taxonomy":"product_tag","embeddable":true,"href":"https:\/\/pikaajalineautorent.ee\/fi\/wp-json\/wp\/v2\/product_tag?post=54087"}],"curies":[{"name":"wp","href":"https:\/\/api.w.org\/{rel}","templated":true}]}}