{"id":54090,"date":"2026-02-09T17:36:16","date_gmt":"2026-02-09T15:36:16","guid":{"rendered":"https:\/\/pikaajalineautorent.ee\/vehicles\/edullinen-ja-pitkaaikainen-2021-toyota-corolla-tayspalveluautovuokraus-tallinnassa\/"},"modified":"2026-03-26T00:15:14","modified_gmt":"2026-03-25T22:15:14","slug":"edullinen-ja-pitkaaikainen-2021-toyota-corolla-tayspalveluautovuokraus-tallinnassa","status":"publish","type":"product","link":"https:\/\/pikaajalineautorent.ee\/fi\/edullinen-ja-pitkaaikainen-2021-toyota-corolla-tayspalveluautovuokraus-tallinnassa\/","title":{"rendered":"Edullinen ja pitk\u00e4aikainen 2021 Toyota Corolla t\u00e4yspalveluautovuokraus Tallinnassa"},"content":{"rendered":"<p>Corolla universaali yhdist\u00e4\u00e4 luotettavuuden, taloudollisuuden ja v\u00e4lj\u00e4n lastiruumin. Manuaalivaihteisto takaa sujuvan liikkumisen sek\u00e4 kaupungissa ett\u00e4 maanteell\u00e4. Hyv\u00e4 valinta perheelle ja aktiiviselle el\u00e4m\u00e4ntavalle.<\/p>\n","protected":false},"excerpt":{"rendered":"<p>Corolla universaali yhdist\u00e4\u00e4 luotettavuuden, taloudollisuuden ja v\u00e4lj\u00e4n lastiruumin. Manuaalivaihteisto takaa sujuvan liikkumisen sek\u00e4 kaupungissa ett\u00e4 maanteell\u00e4. Hyv\u00e4 valinta perheelle ja aktiiviselle el\u00e4m\u00e4ntavalle.<\/p>\n","protected":false},"featured_media":54091,"template":"","meta":{"_acf_changed":false},"product_brand":[],"product_cat":[450],"product_tag":[451],"class_list":{"0":"post-54090","1":"product","2":"type-product","3":"status-publish","4":"has-post-thumbnail","6":"product_cat-vehicles","7":"product_tag-low","9":"first","10":"instock","11":"virtual","12":"sold-individually","13":"taxable","14":"purchasable","15":"product-type-simple"},"acf":[],"_links":{"self":[{"href":"https:\/\/pikaajalineautorent.ee\/fi\/wp-json\/wp\/v2\/product\/54090","targetHints":{"allow":["GET"]}}],"collection":[{"href":"https:\/\/pikaajalineautorent.ee\/fi\/wp-json\/wp\/v2\/product"}],"about":[{"href":"https:\/\/pikaajalineautorent.ee\/fi\/wp-json\/wp\/v2\/types\/product"}],"wp:featuredmedia":[{"embeddable":true,"href":"https:\/\/pikaajalineautorent.ee\/fi\/wp-json\/wp\/v2\/media\/54091"}],"wp:attachment":[{"href":"https:\/\/pikaajalineautorent.ee\/fi\/wp-json\/wp\/v2\/media?parent=54090"}],"wp:term":[{"taxonomy":"product_brand","embeddable":true,"href":"https:\/\/pikaajalineautorent.ee\/fi\/wp-json\/wp\/v2\/product_brand?post=54090"},{"taxonomy":"product_cat","embeddable":true,"href":"https:\/\/pikaajalineautorent.ee\/fi\/wp-json\/wp\/v2\/product_cat?post=54090"},{"taxonomy":"product_tag","embeddable":true,"href":"https:\/\/pikaajalineautorent.ee\/fi\/wp-json\/wp\/v2\/product_tag?post=54090"}],"curies":[{"name":"wp","href":"https:\/\/api.w.org\/{rel}","templated":true}]}}