{"id":54092,"date":"2025-12-15T13:52:56","date_gmt":"2025-12-15T11:52:56","guid":{"rendered":"https:\/\/pikaajalineautorent.ee\/vehicles\/edullinen-ja-pitkaaikainen-2026-opel-zafira-vip-61-tayspalveluautovuokraus-tallinnassa\/"},"modified":"2026-04-09T21:03:03","modified_gmt":"2026-04-09T18:03:03","slug":"edullinen-ja-pitkaaikainen-2026-opel-zafira-vip-61-tayspalveluautovuokraus-tallinnassa","status":"publish","type":"product","link":"https:\/\/pikaajalineautorent.ee\/fi\/edullinen-ja-pitkaaikainen-2026-opel-zafira-vip-61-tayspalveluautovuokraus-tallinnassa\/","title":{"rendered":"Edullinen ja pitk\u00e4aikainen 2026 Opel Zafira VIP 6+1 t\u00e4yspalveluautovuokraus Tallinnassa"},"content":{"rendered":"<p>Edullinen ja pitk\u00e4aikainen 2026 Opel Zafira VIP 6+1 t\u00e4yspalveluautovuokraus Tallinnassa tarjoaa paljon istuinpaikkoja ja \u00e4lykk\u00e4\u00e4sti joustavaa salin j\u00e4rjestely\u00e4. VIP-viimeistely lis\u00e4\u00e4 edustettavuutta ja luo matkustajille mukavaa ja rauhallista matkakokemusta. Sopii suuremmalle seurueelle, yrityksen kuljetuksiin tai ty\u00f6h\u00f6n, jossa tarvitaan tilaa ja mukavuutta.<\/p>\n","protected":false},"excerpt":{"rendered":"<p>Edullinen ja pitk\u00e4aikainen 2026 Opel Zafira VIP 6+1 t\u00e4yspalveluautovuokraus Tallinnassa tarjoaa paljon istuinpaikkoja ja \u00e4lykk\u00e4\u00e4sti joustavaa salin j\u00e4rjestely\u00e4. VIP-viimeistely lis\u00e4\u00e4 edustettavuutta ja luo matkustajille mukavaa ja rauhallista matkakokemusta. Sopii suuremmalle seurueelle, yrityksen kuljetuksiin tai ty\u00f6h\u00f6n, jossa tarvitaan tilaa ja mukavuutta.<\/p>\n","protected":false},"featured_media":54094,"template":"","meta":{"_acf_changed":false},"product_brand":[],"product_cat":[450],"product_tag":[452],"class_list":{"0":"post-54092","1":"product","2":"type-product","3":"status-publish","4":"has-post-thumbnail","6":"product_cat-vehicles","7":"product_tag-mid","9":"first","10":"instock","11":"virtual","12":"sold-individually","13":"taxable","14":"purchasable","15":"product-type-simple"},"acf":[],"_links":{"self":[{"href":"https:\/\/pikaajalineautorent.ee\/fi\/wp-json\/wp\/v2\/product\/54092","targetHints":{"allow":["GET"]}}],"collection":[{"href":"https:\/\/pikaajalineautorent.ee\/fi\/wp-json\/wp\/v2\/product"}],"about":[{"href":"https:\/\/pikaajalineautorent.ee\/fi\/wp-json\/wp\/v2\/types\/product"}],"wp:featuredmedia":[{"embeddable":true,"href":"https:\/\/pikaajalineautorent.ee\/fi\/wp-json\/wp\/v2\/media\/54094"}],"wp:attachment":[{"href":"https:\/\/pikaajalineautorent.ee\/fi\/wp-json\/wp\/v2\/media?parent=54092"}],"wp:term":[{"taxonomy":"product_brand","embeddable":true,"href":"https:\/\/pikaajalineautorent.ee\/fi\/wp-json\/wp\/v2\/product_brand?post=54092"},{"taxonomy":"product_cat","embeddable":true,"href":"https:\/\/pikaajalineautorent.ee\/fi\/wp-json\/wp\/v2\/product_cat?post=54092"},{"taxonomy":"product_tag","embeddable":true,"href":"https:\/\/pikaajalineautorent.ee\/fi\/wp-json\/wp\/v2\/product_tag?post=54092"}],"curies":[{"name":"wp","href":"https:\/\/api.w.org\/{rel}","templated":true}]}}