{"id":54098,"date":"2025-12-12T08:05:09","date_gmt":"2025-12-12T06:05:09","guid":{"rendered":"https:\/\/pikaajalineautorent.ee\/vehicles\/edullinen-ja-pitkaaikainen-2020-porsche-taycan-tayspalveluautovuokraus-tallinnassa\/"},"modified":"2026-03-26T00:15:14","modified_gmt":"2026-03-25T22:15:14","slug":"edullinen-ja-pitkaaikainen-2020-porsche-taycan-tayspalveluautovuokraus-tallinnassa","status":"publish","type":"product","link":"https:\/\/pikaajalineautorent.ee\/fi\/edullinen-ja-pitkaaikainen-2020-porsche-taycan-tayspalveluautovuokraus-tallinnassa\/","title":{"rendered":"Edullinen ja pitk\u00e4aikainen 2020 Porsche Taycan t\u00e4yspalveluautovuokraus Tallinnassa"},"content":{"rendered":"<p>Porsche Taycan tuo urheilullisen hallinnon ja luksusviimeistelyn kompaktiin maastouriin. Automaatti reagoi tarkasti ja nopeasti. Dynaaminen, mutta jokap\u00e4iv\u00e4isess\u00e4 k\u00e4yt\u00f6ss\u00e4.<\/p>\n","protected":false},"excerpt":{"rendered":"<p>Porsche Taycan tuo urheilullisen hallinnon ja luksusviimeistelyn kompaktiin maastouriin. Automaatti reagoi tarkasti ja nopeasti. Dynaaminen, mutta jokap\u00e4iv\u00e4isess\u00e4 k\u00e4yt\u00f6ss\u00e4.<\/p>\n","protected":false},"featured_media":54096,"template":"","meta":{"_acf_changed":false},"product_brand":[],"product_cat":[450],"product_tag":[453],"class_list":{"0":"post-54098","1":"product","2":"type-product","3":"status-publish","4":"has-post-thumbnail","6":"product_cat-vehicles","7":"product_tag-lux","9":"first","10":"instock","11":"virtual","12":"sold-individually","13":"taxable","14":"purchasable","15":"product-type-simple"},"acf":[],"_links":{"self":[{"href":"https:\/\/pikaajalineautorent.ee\/fi\/wp-json\/wp\/v2\/product\/54098","targetHints":{"allow":["GET"]}}],"collection":[{"href":"https:\/\/pikaajalineautorent.ee\/fi\/wp-json\/wp\/v2\/product"}],"about":[{"href":"https:\/\/pikaajalineautorent.ee\/fi\/wp-json\/wp\/v2\/types\/product"}],"wp:featuredmedia":[{"embeddable":true,"href":"https:\/\/pikaajalineautorent.ee\/fi\/wp-json\/wp\/v2\/media\/54096"}],"wp:attachment":[{"href":"https:\/\/pikaajalineautorent.ee\/fi\/wp-json\/wp\/v2\/media?parent=54098"}],"wp:term":[{"taxonomy":"product_brand","embeddable":true,"href":"https:\/\/pikaajalineautorent.ee\/fi\/wp-json\/wp\/v2\/product_brand?post=54098"},{"taxonomy":"product_cat","embeddable":true,"href":"https:\/\/pikaajalineautorent.ee\/fi\/wp-json\/wp\/v2\/product_cat?post=54098"},{"taxonomy":"product_tag","embeddable":true,"href":"https:\/\/pikaajalineautorent.ee\/fi\/wp-json\/wp\/v2\/product_tag?post=54098"}],"curies":[{"name":"wp","href":"https:\/\/api.w.org\/{rel}","templated":true}]}}