{"id":54105,"date":"2025-09-23T06:56:02","date_gmt":"2025-09-23T03:56:02","guid":{"rendered":"https:\/\/pikaajalineautorent.ee\/vehicles\/edullinen-ja-pitkaaikainen-2021-opel-crossland-tayspalveluautovuokraus-tallinnassa\/"},"modified":"2026-03-26T00:15:14","modified_gmt":"2026-03-25T22:15:14","slug":"edullinen-ja-pitkaaikainen-2021-opel-crossland-tayspalveluautovuokraus-tallinnassa","status":"publish","type":"product","link":"https:\/\/pikaajalineautorent.ee\/fi\/edullinen-ja-pitkaaikainen-2021-opel-crossland-tayspalveluautovuokraus-tallinnassa\/","title":{"rendered":"Edullinen ja pitk\u00e4aikainen 2021 Opel Crossland t\u00e4yspalveluautovuokraus Tallinnassa"},"content":{"rendered":"<p>Opel Crossland yhdist\u00e4\u00e4 korkean istuinasennon, joustavan salin ja automaattivaihteiston mukavuuden. Tila-auton k\u00e4yt\u00e4nn\u00f6llisyys sopii sek\u00e4 perheelle ett\u00e4 ty\u00f6h\u00f6n. S\u00e4\u00e4st\u00e4v\u00e4inen ja helppo hallita jokaisessa kaupungissa.<\/p>\n","protected":false},"excerpt":{"rendered":"<p>Opel Crossland yhdist\u00e4\u00e4 korkean istuinasennon, joustavan salin ja automaattivaihteiston mukavuuden. Tila-auton k\u00e4yt\u00e4nn\u00f6llisyys sopii sek\u00e4 perheelle ett\u00e4 ty\u00f6h\u00f6n. S\u00e4\u00e4st\u00e4v\u00e4inen ja helppo hallita jokaisessa kaupungissa.<\/p>\n","protected":false},"featured_media":54106,"template":"","meta":{"_acf_changed":false},"product_brand":[],"product_cat":[450],"product_tag":[451],"class_list":{"0":"post-54105","1":"product","2":"type-product","3":"status-publish","4":"has-post-thumbnail","6":"product_cat-vehicles","7":"product_tag-low","9":"first","10":"instock","11":"virtual","12":"sold-individually","13":"taxable","14":"purchasable","15":"product-type-simple"},"acf":[],"_links":{"self":[{"href":"https:\/\/pikaajalineautorent.ee\/fi\/wp-json\/wp\/v2\/product\/54105","targetHints":{"allow":["GET"]}}],"collection":[{"href":"https:\/\/pikaajalineautorent.ee\/fi\/wp-json\/wp\/v2\/product"}],"about":[{"href":"https:\/\/pikaajalineautorent.ee\/fi\/wp-json\/wp\/v2\/types\/product"}],"wp:featuredmedia":[{"embeddable":true,"href":"https:\/\/pikaajalineautorent.ee\/fi\/wp-json\/wp\/v2\/media\/54106"}],"wp:attachment":[{"href":"https:\/\/pikaajalineautorent.ee\/fi\/wp-json\/wp\/v2\/media?parent=54105"}],"wp:term":[{"taxonomy":"product_brand","embeddable":true,"href":"https:\/\/pikaajalineautorent.ee\/fi\/wp-json\/wp\/v2\/product_brand?post=54105"},{"taxonomy":"product_cat","embeddable":true,"href":"https:\/\/pikaajalineautorent.ee\/fi\/wp-json\/wp\/v2\/product_cat?post=54105"},{"taxonomy":"product_tag","embeddable":true,"href":"https:\/\/pikaajalineautorent.ee\/fi\/wp-json\/wp\/v2\/product_tag?post=54105"}],"curies":[{"name":"wp","href":"https:\/\/api.w.org\/{rel}","templated":true}]}}