{"id":54107,"date":"2025-09-23T06:55:47","date_gmt":"2025-09-23T03:55:47","guid":{"rendered":"https:\/\/pikaajalineautorent.ee\/vehicles\/edullinen-ja-pitkaaikainen-2022-toyota-corolla-tayspalveluautovuokraus-tallinnassa\/"},"modified":"2026-03-26T00:15:14","modified_gmt":"2026-03-25T22:15:14","slug":"edullinen-ja-pitkaaikainen-2022-toyota-corolla-tayspalveluautovuokraus-tallinnassa","status":"publish","type":"product","link":"https:\/\/pikaajalineautorent.ee\/fi\/edullinen-ja-pitkaaikainen-2022-toyota-corolla-tayspalveluautovuokraus-tallinnassa\/","title":{"rendered":"Edullinen ja pitk\u00e4aikainen 2022 Toyota Corolla t\u00e4yspalveluautovuokraus Tallinnassa"},"content":{"rendered":"<p>Toyota Corolla on tunnettu luotettavuudesta, taloudollisuudesta ja rauhallisesta ajomukaavuudesta. Sedan-runko tarjoaa viimeistellyn ajoel\u00e4myksen ja riitt\u00e4v\u00e4sti tilaa. Automaattivaihteisto lis\u00e4\u00e4 yksinkertaisuutta kaupunki- ja maanteell\u00e4.<\/p>\n","protected":false},"excerpt":{"rendered":"<p>Toyota Corolla on tunnettu luotettavuudesta, taloudollisuudesta ja rauhallisesta ajomukaavuudesta. Sedan-runko tarjoaa viimeistellyn ajoel\u00e4myksen ja riitt\u00e4v\u00e4sti tilaa. Automaattivaihteisto lis\u00e4\u00e4 yksinkertaisuutta kaupunki- ja maanteell\u00e4.<\/p>\n","protected":false},"featured_media":54108,"template":"","meta":{"_acf_changed":false},"product_brand":[],"product_cat":[450],"product_tag":[451],"class_list":{"0":"post-54107","1":"product","2":"type-product","3":"status-publish","4":"has-post-thumbnail","6":"product_cat-vehicles","7":"product_tag-low","9":"first","10":"instock","11":"virtual","12":"sold-individually","13":"taxable","14":"purchasable","15":"product-type-simple"},"acf":[],"_links":{"self":[{"href":"https:\/\/pikaajalineautorent.ee\/fi\/wp-json\/wp\/v2\/product\/54107","targetHints":{"allow":["GET"]}}],"collection":[{"href":"https:\/\/pikaajalineautorent.ee\/fi\/wp-json\/wp\/v2\/product"}],"about":[{"href":"https:\/\/pikaajalineautorent.ee\/fi\/wp-json\/wp\/v2\/types\/product"}],"wp:featuredmedia":[{"embeddable":true,"href":"https:\/\/pikaajalineautorent.ee\/fi\/wp-json\/wp\/v2\/media\/54108"}],"wp:attachment":[{"href":"https:\/\/pikaajalineautorent.ee\/fi\/wp-json\/wp\/v2\/media?parent=54107"}],"wp:term":[{"taxonomy":"product_brand","embeddable":true,"href":"https:\/\/pikaajalineautorent.ee\/fi\/wp-json\/wp\/v2\/product_brand?post=54107"},{"taxonomy":"product_cat","embeddable":true,"href":"https:\/\/pikaajalineautorent.ee\/fi\/wp-json\/wp\/v2\/product_cat?post=54107"},{"taxonomy":"product_tag","embeddable":true,"href":"https:\/\/pikaajalineautorent.ee\/fi\/wp-json\/wp\/v2\/product_tag?post=54107"}],"curies":[{"name":"wp","href":"https:\/\/api.w.org\/{rel}","templated":true}]}}