{"id":54115,"date":"2025-09-23T06:54:40","date_gmt":"2025-09-23T03:54:40","guid":{"rendered":"https:\/\/pikaajalineautorent.ee\/vehicles\/edullinen-ja-pitkaaikainen-2024-toyota-proace-kokonaispalveluvuokraus-tallinnassa\/"},"modified":"2026-04-09T21:39:02","modified_gmt":"2026-04-09T18:39:02","slug":"edullinen-ja-pitkaaikainen-2024-toyota-proace-kokonaispalveluvuokraus-tallinnassa","status":"publish","type":"product","link":"https:\/\/pikaajalineautorent.ee\/fi\/edullinen-ja-pitkaaikainen-2024-toyota-proace-kokonaispalveluvuokraus-tallinnassa\/","title":{"rendered":"Edullinen ja pitk\u00e4aikainen 2024 Toyota Proace kokonaispalveluvuokraus Tallinnassa"},"content":{"rendered":"<p>Toyota Proace tarjoaa paljon istumapaikkoja ja joustavaa sisustusta. Automaattivaihteisto tekee pitkist\u00e4 ajoista helpompaa ja mukavampaa. Sopii suuremmalle seurueelle tai ty\u00f6h\u00f6n.<\/p>\n","protected":false},"excerpt":{"rendered":"<p>Toyota Proace tarjoaa paljon istumapaikkoja ja joustavaa sisustusta. Automaattivaihteisto tekee pitkist\u00e4 ajoista helpompaa ja mukavampaa. Sopii suuremmalle seurueelle tai ty\u00f6h\u00f6n.<\/p>\n","protected":false},"featured_media":54116,"template":"","meta":{"_acf_changed":false},"product_brand":[],"product_cat":[450],"product_tag":[452],"class_list":{"0":"post-54115","1":"product","2":"type-product","3":"status-publish","4":"has-post-thumbnail","6":"product_cat-vehicles","7":"product_tag-mid","9":"first","10":"instock","11":"virtual","12":"sold-individually","13":"taxable","14":"purchasable","15":"product-type-simple"},"acf":[],"_links":{"self":[{"href":"https:\/\/pikaajalineautorent.ee\/fi\/wp-json\/wp\/v2\/product\/54115","targetHints":{"allow":["GET"]}}],"collection":[{"href":"https:\/\/pikaajalineautorent.ee\/fi\/wp-json\/wp\/v2\/product"}],"about":[{"href":"https:\/\/pikaajalineautorent.ee\/fi\/wp-json\/wp\/v2\/types\/product"}],"wp:featuredmedia":[{"embeddable":true,"href":"https:\/\/pikaajalineautorent.ee\/fi\/wp-json\/wp\/v2\/media\/54116"}],"wp:attachment":[{"href":"https:\/\/pikaajalineautorent.ee\/fi\/wp-json\/wp\/v2\/media?parent=54115"}],"wp:term":[{"taxonomy":"product_brand","embeddable":true,"href":"https:\/\/pikaajalineautorent.ee\/fi\/wp-json\/wp\/v2\/product_brand?post=54115"},{"taxonomy":"product_cat","embeddable":true,"href":"https:\/\/pikaajalineautorent.ee\/fi\/wp-json\/wp\/v2\/product_cat?post=54115"},{"taxonomy":"product_tag","embeddable":true,"href":"https:\/\/pikaajalineautorent.ee\/fi\/wp-json\/wp\/v2\/product_tag?post=54115"}],"curies":[{"name":"wp","href":"https:\/\/api.w.org\/{rel}","templated":true}]}}