{"id":54124,"date":"2025-09-23T06:41:54","date_gmt":"2025-09-23T03:41:54","guid":{"rendered":"https:\/\/pikaajalineautorent.ee\/vehicles\/edullinen-ja-pitkaaikainen-2020-porsche-macan-kokonaispalveluvuokraus-tallinnassa\/"},"modified":"2026-03-26T00:15:15","modified_gmt":"2026-03-25T22:15:15","slug":"edullinen-ja-pitkaaikainen-2020-porsche-macan-kokonaispalveluvuokraus-tallinnassa","status":"publish","type":"product","link":"https:\/\/pikaajalineautorent.ee\/fi\/edullinen-ja-pitkaaikainen-2020-porsche-macan-kokonaispalveluvuokraus-tallinnassa\/","title":{"rendered":"Edullinen ja pitk\u00e4aikainen 2020 Porsche Macan kokonaispalveluvuokraus Tallinnassa"},"content":{"rendered":"<p>Porsche Macan tuo urheilullisen ohjattavuuden ja luksuksen kompaktiin maasturiin. Automaatti reagoi t\u00e4sm\u00e4llisesti ja nopeasti. Dynaaminen, mutta p\u00e4ivitt\u00e4in k\u00e4ytett\u00e4v\u00e4.<\/p>\n","protected":false},"excerpt":{"rendered":"<p>Porsche Macan tuo urheilullisen ohjattavuuden ja luksuksen kompaktiin maasturiin. Automaatti reagoi t\u00e4sm\u00e4llisesti ja nopeasti. Dynaaminen, mutta p\u00e4ivitt\u00e4in k\u00e4ytett\u00e4v\u00e4.<\/p>\n","protected":false},"featured_media":54125,"template":"","meta":{"_acf_changed":false},"product_brand":[],"product_cat":[450],"product_tag":[452],"class_list":{"0":"post-54124","1":"product","2":"type-product","3":"status-publish","4":"has-post-thumbnail","6":"product_cat-vehicles","7":"product_tag-mid","9":"first","10":"instock","11":"virtual","12":"sold-individually","13":"taxable","14":"purchasable","15":"product-type-simple"},"acf":[],"_links":{"self":[{"href":"https:\/\/pikaajalineautorent.ee\/fi\/wp-json\/wp\/v2\/product\/54124","targetHints":{"allow":["GET"]}}],"collection":[{"href":"https:\/\/pikaajalineautorent.ee\/fi\/wp-json\/wp\/v2\/product"}],"about":[{"href":"https:\/\/pikaajalineautorent.ee\/fi\/wp-json\/wp\/v2\/types\/product"}],"wp:featuredmedia":[{"embeddable":true,"href":"https:\/\/pikaajalineautorent.ee\/fi\/wp-json\/wp\/v2\/media\/54125"}],"wp:attachment":[{"href":"https:\/\/pikaajalineautorent.ee\/fi\/wp-json\/wp\/v2\/media?parent=54124"}],"wp:term":[{"taxonomy":"product_brand","embeddable":true,"href":"https:\/\/pikaajalineautorent.ee\/fi\/wp-json\/wp\/v2\/product_brand?post=54124"},{"taxonomy":"product_cat","embeddable":true,"href":"https:\/\/pikaajalineautorent.ee\/fi\/wp-json\/wp\/v2\/product_cat?post=54124"},{"taxonomy":"product_tag","embeddable":true,"href":"https:\/\/pikaajalineautorent.ee\/fi\/wp-json\/wp\/v2\/product_tag?post=54124"}],"curies":[{"name":"wp","href":"https:\/\/api.w.org\/{rel}","templated":true}]}}