{"id":54126,"date":"2025-07-18T05:39:51","date_gmt":"2025-07-18T02:39:51","guid":{"rendered":"https:\/\/pikaajalineautorent.ee\/vehicles\/edullinen-ja-pitkaaikainen-2024-bmw-x1-kokonaispalveluvuokraus-tallinnassa\/"},"modified":"2026-03-26T00:15:15","modified_gmt":"2026-03-25T22:15:15","slug":"edullinen-ja-pitkaaikainen-2024-bmw-x1-kokonaispalveluvuokraus-tallinnassa","status":"publish","type":"product","link":"https:\/\/pikaajalineautorent.ee\/fi\/edullinen-ja-pitkaaikainen-2024-bmw-x1-kokonaispalveluvuokraus-tallinnassa\/","title":{"rendered":"Edullinen ja pitk\u00e4aikainen 2024 BMW X1 kokonaispalveluvuokraus Tallinnassa"},"content":{"rendered":"<p>BMW X1 tarjoaa tarkkaa ohjattavuutta, mukavaa ajoa-asentoa ja sujuvaa automaattia. Kompakti maasturi sopii hyvin kaupunkiymp\u00e4rist\u00f6\u00f6n. Laadukas sisusta ja \u00e4lyk\u00e4t j\u00e4rjestelm\u00e4t lis\u00e4\u00e4v\u00e4t luottamusta.<\/p>\n","protected":false},"excerpt":{"rendered":"<p>BMW X1 tarjoaa tarkkaa ohjattavuutta, mukavaa ajoa-asentoa ja sujuvaa automaattia. Kompakti maasturi sopii hyvin kaupunkiymp\u00e4rist\u00f6\u00f6n. Laadukas sisusta ja \u00e4lyk\u00e4t j\u00e4rjestelm\u00e4t lis\u00e4\u00e4v\u00e4t luottamusta.<\/p>\n","protected":false},"featured_media":54130,"template":"","meta":{"_acf_changed":false},"product_brand":[],"product_cat":[450],"product_tag":[452],"class_list":{"0":"post-54126","1":"product","2":"type-product","3":"status-publish","4":"has-post-thumbnail","6":"product_cat-vehicles","7":"product_tag-mid","9":"first","10":"instock","11":"virtual","12":"sold-individually","13":"taxable","14":"purchasable","15":"product-type-simple"},"acf":[],"_links":{"self":[{"href":"https:\/\/pikaajalineautorent.ee\/fi\/wp-json\/wp\/v2\/product\/54126","targetHints":{"allow":["GET"]}}],"collection":[{"href":"https:\/\/pikaajalineautorent.ee\/fi\/wp-json\/wp\/v2\/product"}],"about":[{"href":"https:\/\/pikaajalineautorent.ee\/fi\/wp-json\/wp\/v2\/types\/product"}],"wp:featuredmedia":[{"embeddable":true,"href":"https:\/\/pikaajalineautorent.ee\/fi\/wp-json\/wp\/v2\/media\/54130"}],"wp:attachment":[{"href":"https:\/\/pikaajalineautorent.ee\/fi\/wp-json\/wp\/v2\/media?parent=54126"}],"wp:term":[{"taxonomy":"product_brand","embeddable":true,"href":"https:\/\/pikaajalineautorent.ee\/fi\/wp-json\/wp\/v2\/product_brand?post=54126"},{"taxonomy":"product_cat","embeddable":true,"href":"https:\/\/pikaajalineautorent.ee\/fi\/wp-json\/wp\/v2\/product_cat?post=54126"},{"taxonomy":"product_tag","embeddable":true,"href":"https:\/\/pikaajalineautorent.ee\/fi\/wp-json\/wp\/v2\/product_tag?post=54126"}],"curies":[{"name":"wp","href":"https:\/\/api.w.org\/{rel}","templated":true}]}}