{"id":54131,"date":"2025-07-18T05:39:26","date_gmt":"2025-07-18T02:39:26","guid":{"rendered":"https:\/\/pikaajalineautorent.ee\/vehicles\/edullinen-ja-pitkaaikainen-2022-audi-q5-40-tdi-kokonaispalveluvuokraus-tallinnassa\/"},"modified":"2026-03-26T00:15:15","modified_gmt":"2026-03-25T22:15:15","slug":"edullinen-ja-pitkaaikainen-2022-audi-q5-40-tdi-kokonaispalveluvuokraus-tallinnassa","status":"publish","type":"product","link":"https:\/\/pikaajalineautorent.ee\/fi\/edullinen-ja-pitkaaikainen-2022-audi-q5-40-tdi-kokonaispalveluvuokraus-tallinnassa\/","title":{"rendered":"Edullinen ja pitk\u00e4aikainen 2022 Audi Q5 40 TDI kokonaispalveluvuokraus Tallinnassa"},"content":{"rendered":"<p>Audi Q5 40 TDI yhdist\u00e4\u00e4 taloudellisen kulutuksen, hiljaisen ajon ja laadukkaan viimeistelyn. Automaattivaihteisto tuo sujuvuutta joka tilanteeseen. Monipuolinen maasturi perheelle ja matkoille.<\/p>\n","protected":false},"excerpt":{"rendered":"<p>Audi Q5 40 TDI yhdist\u00e4\u00e4 taloudellisen kulutuksen, hiljaisen ajon ja laadukkaan viimeistelyn. Automaattivaihteisto tuo sujuvuutta joka tilanteeseen. Monipuolinen maasturi perheelle ja matkoille.<\/p>\n","protected":false},"featured_media":54132,"template":"","meta":{"_acf_changed":false},"product_brand":[],"product_cat":[450],"product_tag":[453],"class_list":{"0":"post-54131","1":"product","2":"type-product","3":"status-publish","4":"has-post-thumbnail","6":"product_cat-vehicles","7":"product_tag-lux","9":"first","10":"instock","11":"virtual","12":"sold-individually","13":"taxable","14":"purchasable","15":"product-type-simple"},"acf":[],"_links":{"self":[{"href":"https:\/\/pikaajalineautorent.ee\/fi\/wp-json\/wp\/v2\/product\/54131","targetHints":{"allow":["GET"]}}],"collection":[{"href":"https:\/\/pikaajalineautorent.ee\/fi\/wp-json\/wp\/v2\/product"}],"about":[{"href":"https:\/\/pikaajalineautorent.ee\/fi\/wp-json\/wp\/v2\/types\/product"}],"wp:featuredmedia":[{"embeddable":true,"href":"https:\/\/pikaajalineautorent.ee\/fi\/wp-json\/wp\/v2\/media\/54132"}],"wp:attachment":[{"href":"https:\/\/pikaajalineautorent.ee\/fi\/wp-json\/wp\/v2\/media?parent=54131"}],"wp:term":[{"taxonomy":"product_brand","embeddable":true,"href":"https:\/\/pikaajalineautorent.ee\/fi\/wp-json\/wp\/v2\/product_brand?post=54131"},{"taxonomy":"product_cat","embeddable":true,"href":"https:\/\/pikaajalineautorent.ee\/fi\/wp-json\/wp\/v2\/product_cat?post=54131"},{"taxonomy":"product_tag","embeddable":true,"href":"https:\/\/pikaajalineautorent.ee\/fi\/wp-json\/wp\/v2\/product_tag?post=54131"}],"curies":[{"name":"wp","href":"https:\/\/api.w.org\/{rel}","templated":true}]}}