{"id":54133,"date":"2025-07-18T05:38:50","date_gmt":"2025-07-18T02:38:50","guid":{"rendered":"https:\/\/pikaajalineautorent.ee\/vehicles\/edullinen-ja-pitkaaikainen-2023-audi-a6-avant-kokonaispalveluvuokraus-tallinnassa\/"},"modified":"2026-03-26T00:15:15","modified_gmt":"2026-03-25T22:15:15","slug":"edullinen-ja-pitkaaikainen-2023-audi-a6-avant-kokonaispalveluvuokraus-tallinnassa","status":"publish","type":"product","link":"https:\/\/pikaajalineautorent.ee\/fi\/edullinen-ja-pitkaaikainen-2023-audi-a6-avant-kokonaispalveluvuokraus-tallinnassa\/","title":{"rendered":"Edullinen ja pitk\u00e4aikainen 2023 Audi A6 Avant kokonaispalveluvuokraus Tallinnassa"},"content":{"rendered":"<p>Audi A6 Avant tarjoaa tilavaa laajuslaatikkoa ja ensiluokkaista mukavuutta. Automaattivaihteisto ja apuj\u00e4rjestelm\u00e4t varmistavat rauhallisen kulun. Sopii sek\u00e4 edustus- ett\u00e4 perhautoksi.<\/p>\n","protected":false},"excerpt":{"rendered":"<p>Audi A6 Avant tarjoaa tilavaa laajuslaatikkoa ja ensiluokkaista mukavuutta. Automaattivaihteisto ja apuj\u00e4rjestelm\u00e4t varmistavat rauhallisen kulun. Sopii sek\u00e4 edustus- ett\u00e4 perhautoksi.<\/p>\n","protected":false},"featured_media":54134,"template":"","meta":{"_acf_changed":false},"product_brand":[],"product_cat":[450],"product_tag":[452],"class_list":{"0":"post-54133","1":"product","2":"type-product","3":"status-publish","4":"has-post-thumbnail","6":"product_cat-vehicles","7":"product_tag-mid","9":"first","10":"instock","11":"virtual","12":"sold-individually","13":"taxable","14":"purchasable","15":"product-type-simple"},"acf":[],"_links":{"self":[{"href":"https:\/\/pikaajalineautorent.ee\/fi\/wp-json\/wp\/v2\/product\/54133","targetHints":{"allow":["GET"]}}],"collection":[{"href":"https:\/\/pikaajalineautorent.ee\/fi\/wp-json\/wp\/v2\/product"}],"about":[{"href":"https:\/\/pikaajalineautorent.ee\/fi\/wp-json\/wp\/v2\/types\/product"}],"wp:featuredmedia":[{"embeddable":true,"href":"https:\/\/pikaajalineautorent.ee\/fi\/wp-json\/wp\/v2\/media\/54134"}],"wp:attachment":[{"href":"https:\/\/pikaajalineautorent.ee\/fi\/wp-json\/wp\/v2\/media?parent=54133"}],"wp:term":[{"taxonomy":"product_brand","embeddable":true,"href":"https:\/\/pikaajalineautorent.ee\/fi\/wp-json\/wp\/v2\/product_brand?post=54133"},{"taxonomy":"product_cat","embeddable":true,"href":"https:\/\/pikaajalineautorent.ee\/fi\/wp-json\/wp\/v2\/product_cat?post=54133"},{"taxonomy":"product_tag","embeddable":true,"href":"https:\/\/pikaajalineautorent.ee\/fi\/wp-json\/wp\/v2\/product_tag?post=54133"}],"curies":[{"name":"wp","href":"https:\/\/api.w.org\/{rel}","templated":true}]}}